{"id":2,"date":"2022-02-17T10:55:21","date_gmt":"2022-02-17T10:55:21","guid":{"rendered":"https:\/\/motorkrash.es\/?page_id=2"},"modified":"2022-02-26T23:44:21","modified_gmt":"2022-02-26T23:44:21","slug":"sample-page","status":"publish","type":"page","link":"https:\/\/www.motorkrash.es\/?page_id=2","title":{"rendered":"3.- Servicios"},"content":{"rendered":"\n<hr class=\"wp-block-separator alignwide is-style-wide\"\/>\n\n\n\n<div class=\"wp-block-media-text is-stacked-on-mobile\" style=\"grid-template-columns:15% auto\"><figure class=\"wp-block-media-text__media\"><img loading=\"lazy\" decoding=\"async\" width=\"512\" height=\"512\" src=\"https:\/\/motorkrash.es\/wp-content\/uploads\/2022\/02\/icono-chapa-y-pintura.png\" alt=\"\" class=\"wp-image-616 size-full\" srcset=\"https:\/\/www.motorkrash.es\/wp-content\/uploads\/2022\/02\/icono-chapa-y-pintura.png 512w, https:\/\/www.motorkrash.es\/wp-content\/uploads\/2022\/02\/icono-chapa-y-pintura-300x300.png 300w, https:\/\/www.motorkrash.es\/wp-content\/uploads\/2022\/02\/icono-chapa-y-pintura-150x150.png 150w, https:\/\/www.motorkrash.es\/wp-content\/uploads\/2022\/02\/icono-chapa-y-pintura-50x50.png 50w\" sizes=\"auto, (max-width: 512px) 100vw, 512px\" \/><\/figure><div class=\"wp-block-media-text__content\">\n<p class=\"has-large-font-size\">Chapa y Pintura<\/p>\n\n\n\n<p>Trabajamos con compa\u00f1\u00edas de seguros.<\/p>\n\n\n\n<p>Realizamos todo tipo de trabajos en veh\u00edculos cl\u00e1sicos y actuales.<\/p>\n<\/div><\/div>\n\n\n\n<blockquote class=\"wp-block-quote is-layout-flow wp-block-quote-is-layout-flow\"><p>Personalizaci\u00f3n<\/p><p>Cambios de color de carrocer\u00eda<\/p><cite>Reparaciones y reconstrucciones de carrocer\u00eda.<\/cite><\/blockquote>\n\n\n\n<hr class=\"wp-block-separator alignwide is-style-wide\"\/>\n\n\n\n<div class=\"wp-block-media-text is-stacked-on-mobile\" style=\"grid-template-columns:15% auto\"><figure class=\"wp-block-media-text__media\"><img loading=\"lazy\" decoding=\"async\" width=\"512\" height=\"512\" src=\"https:\/\/motorkrash.es\/wp-content\/uploads\/2022\/02\/4014665-fix-fixing-phone-repair-tool-wrench_112887.png\" alt=\"\" class=\"wp-image-617 size-full\" srcset=\"https:\/\/www.motorkrash.es\/wp-content\/uploads\/2022\/02\/4014665-fix-fixing-phone-repair-tool-wrench_112887.png 512w, https:\/\/www.motorkrash.es\/wp-content\/uploads\/2022\/02\/4014665-fix-fixing-phone-repair-tool-wrench_112887-300x300.png 300w, https:\/\/www.motorkrash.es\/wp-content\/uploads\/2022\/02\/4014665-fix-fixing-phone-repair-tool-wrench_112887-150x150.png 150w, https:\/\/www.motorkrash.es\/wp-content\/uploads\/2022\/02\/4014665-fix-fixing-phone-repair-tool-wrench_112887-50x50.png 50w\" sizes=\"auto, (max-width: 512px) 100vw, 512px\" \/><\/figure><div class=\"wp-block-media-text__content\">\n<p class=\"has-text-align-left has-large-font-size\">Mec\u00e1nica<\/p>\n\n\n\n<p class=\"has-text-align-left\">Especialistas en mec\u00e1nica cl\u00e1sica y actual<\/p>\n\n\n\n<p class=\"has-text-align-left\">Mantenimientos, reconstrucciones y preparaciones mec\u00e1nicas.<\/p>\n<\/div><\/div>\n\n\n\n<hr class=\"wp-block-separator alignwide is-style-wide\"\/>\n\n\n\n<div class=\"wp-block-media-text is-stacked-on-mobile\" style=\"grid-template-columns:15% auto\"><figure class=\"wp-block-media-text__media\"><img loading=\"lazy\" decoding=\"async\" width=\"512\" height=\"512\" src=\"https:\/\/motorkrash.es\/wp-content\/uploads\/2022\/02\/energy_lightning_thunderbolt_electric_icon_153699.png\" alt=\"\" class=\"wp-image-618 size-full\" srcset=\"https:\/\/www.motorkrash.es\/wp-content\/uploads\/2022\/02\/energy_lightning_thunderbolt_electric_icon_153699.png 512w, https:\/\/www.motorkrash.es\/wp-content\/uploads\/2022\/02\/energy_lightning_thunderbolt_electric_icon_153699-300x300.png 300w, https:\/\/www.motorkrash.es\/wp-content\/uploads\/2022\/02\/energy_lightning_thunderbolt_electric_icon_153699-150x150.png 150w, https:\/\/www.motorkrash.es\/wp-content\/uploads\/2022\/02\/energy_lightning_thunderbolt_electric_icon_153699-50x50.png 50w\" sizes=\"auto, (max-width: 512px) 100vw, 512px\" \/><\/figure><div class=\"wp-block-media-text__content\">\n<p class=\"has-large-font-size\">Electricidad<\/p>\n\n\n\n<p>Reconstrucciones y saneamientos en veh\u00edculos cl\u00e1sicos.<\/p>\n\n\n\n<p>Diagnosis y reparaciones en veh\u00edculos actuales<\/p>\n\n\n\n<p>Todo tipo de modificaciones e instalaciones.<\/p>\n<\/div><\/div>\n\n\n\n<hr class=\"wp-block-separator alignwide is-style-wide\"\/>\n\n\n\n<div class=\"wp-block-media-text is-stacked-on-mobile\" style=\"grid-template-columns:15% auto\"><figure class=\"wp-block-media-text__media\"><img loading=\"lazy\" decoding=\"async\" width=\"512\" height=\"512\" src=\"https:\/\/motorkrash.es\/wp-content\/uploads\/2022\/02\/84928.png\" alt=\"\" class=\"wp-image-623 size-full\" srcset=\"https:\/\/www.motorkrash.es\/wp-content\/uploads\/2022\/02\/84928.png 512w, https:\/\/www.motorkrash.es\/wp-content\/uploads\/2022\/02\/84928-300x300.png 300w, https:\/\/www.motorkrash.es\/wp-content\/uploads\/2022\/02\/84928-150x150.png 150w, https:\/\/www.motorkrash.es\/wp-content\/uploads\/2022\/02\/84928-50x50.png 50w\" sizes=\"auto, (max-width: 512px) 100vw, 512px\" \/><\/figure><div class=\"wp-block-media-text__content\">\n<p class=\"has-text-align-left has-large-font-size\">Tapicer\u00eda<\/p>\n\n\n\n<p class=\"has-text-align-left\">Todo tipo de personalizaciones y restauraciones tanto en veh\u00edculos cl\u00e1sicos como en actuales.<\/p>\n<\/div><\/div>\n\n\n\n<hr class=\"wp-block-separator alignwide is-style-wide\"\/>\n\n\n\n<div class=\"wp-block-media-text is-stacked-on-mobile\" style=\"grid-template-columns:15% auto\"><figure class=\"wp-block-media-text__media\"><img loading=\"lazy\" decoding=\"async\" width=\"512\" height=\"512\" src=\"https:\/\/motorkrash.es\/wp-content\/uploads\/2022\/02\/opel_diplomat_18553.png\" alt=\"\" class=\"wp-image-624 size-full\" srcset=\"https:\/\/www.motorkrash.es\/wp-content\/uploads\/2022\/02\/opel_diplomat_18553.png 512w, https:\/\/www.motorkrash.es\/wp-content\/uploads\/2022\/02\/opel_diplomat_18553-300x300.png 300w, https:\/\/www.motorkrash.es\/wp-content\/uploads\/2022\/02\/opel_diplomat_18553-150x150.png 150w, https:\/\/www.motorkrash.es\/wp-content\/uploads\/2022\/02\/opel_diplomat_18553-50x50.png 50w\" sizes=\"auto, (max-width: 512px) 100vw, 512px\" \/><\/figure><div class=\"wp-block-media-text__content\">\n<p class=\"has-large-font-size\">Recambios<\/p>\n\n\n\n<p>Veh\u00edculos cl\u00e1sicos. Conseguimos cualquier pieza, especializados en veh\u00edculos americanos.<\/p>\n\n\n\n<p>Realizamos l\u00edneas de escape, suspensiones en veh\u00edculos actuales, conseguimos lo que necesitas para conseguir el m\u00e1ximo rendimiento de tu veh\u00edculo.<\/p>\n<\/div><\/div>\n\n\n\n<hr class=\"wp-block-separator alignwide is-style-wide\"\/>\n\n\n\n<div class=\"wp-block-media-text is-stacked-on-mobile\" style=\"grid-template-columns:18% auto\"><figure class=\"wp-block-media-text__media\"><img loading=\"lazy\" decoding=\"async\" width=\"509\" height=\"440\" src=\"https:\/\/motorkrash.es\/wp-content\/uploads\/2022\/02\/png-avion-azul.png\" alt=\"\" class=\"wp-image-628 size-full\" srcset=\"https:\/\/www.motorkrash.es\/wp-content\/uploads\/2022\/02\/png-avion-azul.png 509w, https:\/\/www.motorkrash.es\/wp-content\/uploads\/2022\/02\/png-avion-azul-300x259.png 300w\" sizes=\"auto, (max-width: 509px) 100vw, 509px\" \/><\/figure><div class=\"wp-block-media-text__content\">\n<p class=\"has-large-font-size\">Importaci\u00f3n de veh\u00edculos.<\/p>\n\n\n\n<p>Podemos conseguirte el veh\u00edculo de tus sue\u00f1os.<\/p>\n<\/div><\/div>\n\n\n\n<hr class=\"wp-block-separator alignwide is-style-wide\"\/>\n\n\n\n<div class=\"wp-block-media-text is-stacked-on-mobile\" style=\"grid-template-columns:23% auto\"><figure class=\"wp-block-media-text__media\"><img loading=\"lazy\" decoding=\"async\" width=\"800\" height=\"800\" src=\"https:\/\/motorkrash.es\/wp-content\/uploads\/2022\/02\/kisspng-car-mini-sticker-lada-4x4-off-road-vehicle-5affa1653255e8.3425206115267024372062.png\" alt=\"\" class=\"wp-image-632 size-full\" srcset=\"https:\/\/www.motorkrash.es\/wp-content\/uploads\/2022\/02\/kisspng-car-mini-sticker-lada-4x4-off-road-vehicle-5affa1653255e8.3425206115267024372062.png 800w, https:\/\/www.motorkrash.es\/wp-content\/uploads\/2022\/02\/kisspng-car-mini-sticker-lada-4x4-off-road-vehicle-5affa1653255e8.3425206115267024372062-300x300.png 300w, https:\/\/www.motorkrash.es\/wp-content\/uploads\/2022\/02\/kisspng-car-mini-sticker-lada-4x4-off-road-vehicle-5affa1653255e8.3425206115267024372062-150x150.png 150w, https:\/\/www.motorkrash.es\/wp-content\/uploads\/2022\/02\/kisspng-car-mini-sticker-lada-4x4-off-road-vehicle-5affa1653255e8.3425206115267024372062-768x768.png 768w, https:\/\/www.motorkrash.es\/wp-content\/uploads\/2022\/02\/kisspng-car-mini-sticker-lada-4x4-off-road-vehicle-5affa1653255e8.3425206115267024372062-640x640.png 640w, https:\/\/www.motorkrash.es\/wp-content\/uploads\/2022\/02\/kisspng-car-mini-sticker-lada-4x4-off-road-vehicle-5affa1653255e8.3425206115267024372062-533x533.png 533w, https:\/\/www.motorkrash.es\/wp-content\/uploads\/2022\/02\/kisspng-car-mini-sticker-lada-4x4-off-road-vehicle-5affa1653255e8.3425206115267024372062-50x50.png 50w\" sizes=\"auto, (max-width: 800px) 100vw, 800px\" \/><\/figure><div class=\"wp-block-media-text__content\">\n<p class=\"has-text-align-left has-large-font-size\">Accesorios 4&#215;4<\/p>\n\n\n\n<p class=\"has-text-align-left\">Dinos que necesitas y lo instalaremos encantados en tu 4&#215;4.<\/p>\n<\/div><\/div>\n\n\n\n<hr class=\"wp-block-separator alignwide is-style-wide\"\/>\n\n\n\n<div class=\"wp-block-media-text alignwide has-media-on-the-right is-stacked-on-mobile\" style=\"grid-template-columns:auto 66%\"><figure class=\"wp-block-media-text__media\"><img loading=\"lazy\" decoding=\"async\" width=\"1024\" height=\"422\" src=\"https:\/\/motorkrash.es\/wp-content\/uploads\/2022\/02\/logos-coches-1024x422.png\" alt=\"\" class=\"wp-image-627 size-full\" srcset=\"https:\/\/www.motorkrash.es\/wp-content\/uploads\/2022\/02\/logos-coches-1024x422.png 1024w, https:\/\/www.motorkrash.es\/wp-content\/uploads\/2022\/02\/logos-coches-300x124.png 300w, https:\/\/www.motorkrash.es\/wp-content\/uploads\/2022\/02\/logos-coches-768x316.png 768w, https:\/\/www.motorkrash.es\/wp-content\/uploads\/2022\/02\/logos-coches.png 1163w\" sizes=\"auto, (max-width: 1024px) 100vw, 1024px\" \/><\/figure><div class=\"wp-block-media-text__content\">\n<p class=\"has-large-font-size\">Trabajamos con todas las marcas<\/p>\n\n\n\n<p>Las que conoces y las que no :D.<\/p>\n<\/div><\/div>\n\n\n\n<hr class=\"wp-block-separator alignwide is-style-wide\"\/>\n\n\n\n<div class=\"wp-block-image is-style-default\"><figure class=\"aligncenter size-large is-resized\"><img loading=\"lazy\" decoding=\"async\" src=\"https:\/\/motorkrash.es\/wp-content\/uploads\/2022\/02\/logocaliduti-1024x595.png\" alt=\"\" class=\"wp-image-584\" width=\"334\" height=\"193\" srcset=\"https:\/\/www.motorkrash.es\/wp-content\/uploads\/2022\/02\/logocaliduti-1024x595.png 1024w, https:\/\/www.motorkrash.es\/wp-content\/uploads\/2022\/02\/logocaliduti-300x174.png 300w, https:\/\/www.motorkrash.es\/wp-content\/uploads\/2022\/02\/logocaliduti-768x446.png 768w, https:\/\/www.motorkrash.es\/wp-content\/uploads\/2022\/02\/logocaliduti-1536x893.png 1536w, https:\/\/www.motorkrash.es\/wp-content\/uploads\/2022\/02\/logocaliduti-2048x1190.png 2048w\" sizes=\"auto, (max-width: 334px) 100vw, 334px\" \/><\/figure><\/div>\n","protected":false},"excerpt":{"rendered":"<p>Chapa y Pintura Trabajamos con compa\u00f1\u00edas de seguros. Realizamos todo tipo de trabajos en veh\u00edculos cl\u00e1sicos y actuales. Personalizaci\u00f3n Cambios de color de carrocer\u00eda Reparaciones y reconstrucciones de carrocer\u00eda. Mec\u00e1nica Especialistas en mec\u00e1nica cl\u00e1sica y actual Mantenimientos, reconstrucciones y preparaciones mec\u00e1nicas. Electricidad Reconstrucciones y saneamientos &hellip; <a href=\"https:\/\/www.motorkrash.es\/?page_id=2\" class=\"more-link\"><span>Seguir leyendo<span class=\"screen-reader-text\">3.- Servicios<\/span><\/span><\/a><\/p>\n","protected":false},"author":1,"featured_media":0,"parent":0,"menu_order":0,"comment_status":"closed","ping_status":"open","template":"","meta":{"footnotes":""},"class_list":["post-2","page","type-page","status-publish","hentry"],"_links":{"self":[{"href":"https:\/\/www.motorkrash.es\/index.php?rest_route=\/wp\/v2\/pages\/2","targetHints":{"allow":["GET"]}}],"collection":[{"href":"https:\/\/www.motorkrash.es\/index.php?rest_route=\/wp\/v2\/pages"}],"about":[{"href":"https:\/\/www.motorkrash.es\/index.php?rest_route=\/wp\/v2\/types\/page"}],"author":[{"embeddable":true,"href":"https:\/\/www.motorkrash.es\/index.php?rest_route=\/wp\/v2\/users\/1"}],"replies":[{"embeddable":true,"href":"https:\/\/www.motorkrash.es\/index.php?rest_route=%2Fwp%2Fv2%2Fcomments&post=2"}],"version-history":[{"count":9,"href":"https:\/\/www.motorkrash.es\/index.php?rest_route=\/wp\/v2\/pages\/2\/revisions"}],"predecessor-version":[{"id":638,"href":"https:\/\/www.motorkrash.es\/index.php?rest_route=\/wp\/v2\/pages\/2\/revisions\/638"}],"wp:attachment":[{"href":"https:\/\/www.motorkrash.es\/index.php?rest_route=%2Fwp%2Fv2%2Fmedia&parent=2"}],"curies":[{"name":"wp","href":"https:\/\/api.w.org\/{rel}","templated":true}]}}