{"id":31,"date":"2022-02-22T23:24:13","date_gmt":"2022-02-22T23:24:13","guid":{"rendered":"https:\/\/motorkrash.es\/?page_id=31"},"modified":"2022-02-26T21:42:42","modified_gmt":"2022-02-26T21:42:42","slug":"instalaciones","status":"publish","type":"page","link":"https:\/\/www.motorkrash.es\/?page_id=31","title":{"rendered":"2.- Instalaciones"},"content":{"rendered":"\n<figure class=\"wp-block-video alignfull\"><video height=\"1080\" style=\"aspect-ratio: 1920 \/ 1080;\" width=\"1920\" autoplay controls loop muted preload=\"auto\" src=\"https:\/\/motorkrash.es\/wp-content\/uploads\/2022\/02\/recorte-hyperlapse-taller-para-web.mp4\"><\/video><\/figure>\n\n\n\n<div class=\"wp-block-media-text alignwide is-stacked-on-mobile\" style=\"grid-template-columns:39% auto\"><figure class=\"wp-block-media-text__media\"><img loading=\"lazy\" decoding=\"async\" width=\"1024\" height=\"595\" src=\"https:\/\/motorkrash.es\/wp-content\/uploads\/2022\/02\/logocaliduti-1024x595.png\" alt=\"\" class=\"wp-image-584 size-full\" srcset=\"https:\/\/www.motorkrash.es\/wp-content\/uploads\/2022\/02\/logocaliduti-1024x595.png 1024w, https:\/\/www.motorkrash.es\/wp-content\/uploads\/2022\/02\/logocaliduti-300x174.png 300w, https:\/\/www.motorkrash.es\/wp-content\/uploads\/2022\/02\/logocaliduti-768x446.png 768w, https:\/\/www.motorkrash.es\/wp-content\/uploads\/2022\/02\/logocaliduti-1536x893.png 1536w, https:\/\/www.motorkrash.es\/wp-content\/uploads\/2022\/02\/logocaliduti-2048x1190.png 2048w\" sizes=\"auto, (max-width: 1024px) 100vw, 1024px\" \/><\/figure><div class=\"wp-block-media-text__content\">\n<p class=\"has-text-align-center has-large-font-size\"><strong>Las mejores Instalaciones para cumplir tus deseos.<\/strong><\/p>\n\n\n\n<p>Equipados con los mejores sistemas y herramientas para la reconstrucci\u00f3n de carrocer\u00edas y sustituci\u00f3n de piezas irreparables, no solo se repara \u00edntegramente tu carrocer\u00eda, tambi\u00e9n te orienta y redise\u00f1a la est\u00e9tica de tu veh\u00edculo para darle una nueva imagen.<\/p>\n<\/div><\/div>\n\n\n\n<div class=\"wp-block-cover alignfull is-light has-custom-content-position is-position-center-right\" style=\"min-height:698px;aspect-ratio:unset;\"><span aria-hidden=\"true\" class=\"wp-block-cover__gradient-background has-background-dim\"><\/span><img loading=\"lazy\" decoding=\"async\" width=\"2560\" height=\"1707\" class=\"wp-block-cover__image-background wp-image-604\" alt=\"\" src=\"https:\/\/motorkrash.es\/wp-content\/uploads\/2022\/02\/MG_1677-scaled.jpg\" data-object-fit=\"cover\" srcset=\"https:\/\/www.motorkrash.es\/wp-content\/uploads\/2022\/02\/MG_1677-scaled.jpg 2560w, https:\/\/www.motorkrash.es\/wp-content\/uploads\/2022\/02\/MG_1677-300x200.jpg 300w, https:\/\/www.motorkrash.es\/wp-content\/uploads\/2022\/02\/MG_1677-1024x683.jpg 1024w, https:\/\/www.motorkrash.es\/wp-content\/uploads\/2022\/02\/MG_1677-768x512.jpg 768w, https:\/\/www.motorkrash.es\/wp-content\/uploads\/2022\/02\/MG_1677-1536x1024.jpg 1536w, https:\/\/www.motorkrash.es\/wp-content\/uploads\/2022\/02\/MG_1677-2048x1365.jpg 2048w, https:\/\/www.motorkrash.es\/wp-content\/uploads\/2022\/02\/MG_1677-272x182.jpg 272w\" sizes=\"auto, (max-width: 2560px) 100vw, 2560px\" \/><div class=\"wp-block-cover__inner-container is-layout-flow wp-block-cover-is-layout-flow\">\n<p class=\"has-text-align-center has-white-color has-text-color has-huge-font-size\"><strong>Cabina de pintura<\/strong><\/p>\n\n\n\n<p class=\"has-white-color has-text-color\">Necesaria para la correcta aplicaci\u00f3n de pintura a piezas y carrocer\u00edas<\/p>\n\n\n\n<p class=\"has-text-align-center has-white-color has-text-color has-huge-font-size\"><strong>Horno de secado<\/strong><\/p>\n\n\n\n<p class=\"has-white-color has-text-color\">Una potente m\u00e1quina para el tratamiento, la cocci\u00f3n y el secado.<\/p>\n<\/div><\/div>\n\n\n\n<p><\/p>\n\n\n\n<p><\/p>\n\n\n\n<p><\/p>\n\n\n\n<p><\/p>\n\n\n\n<div class=\"wp-block-cover alignfull is-light has-custom-content-position is-position-center-left\" style=\"min-height:683px;aspect-ratio:unset;\"><span aria-hidden=\"true\" class=\"wp-block-cover__gradient-background has-background-dim\"><\/span><img loading=\"lazy\" decoding=\"async\" width=\"2560\" height=\"1707\" class=\"wp-block-cover__image-background wp-image-605\" alt=\"\" src=\"https:\/\/motorkrash.es\/wp-content\/uploads\/2022\/02\/MG_1827-scaled.jpg\" data-object-fit=\"cover\" srcset=\"https:\/\/www.motorkrash.es\/wp-content\/uploads\/2022\/02\/MG_1827-scaled.jpg 2560w, https:\/\/www.motorkrash.es\/wp-content\/uploads\/2022\/02\/MG_1827-300x200.jpg 300w, https:\/\/www.motorkrash.es\/wp-content\/uploads\/2022\/02\/MG_1827-1024x683.jpg 1024w, https:\/\/www.motorkrash.es\/wp-content\/uploads\/2022\/02\/MG_1827-768x512.jpg 768w, https:\/\/www.motorkrash.es\/wp-content\/uploads\/2022\/02\/MG_1827-1536x1024.jpg 1536w, https:\/\/www.motorkrash.es\/wp-content\/uploads\/2022\/02\/MG_1827-2048x1365.jpg 2048w, https:\/\/www.motorkrash.es\/wp-content\/uploads\/2022\/02\/MG_1827-272x182.jpg 272w\" sizes=\"auto, (max-width: 2560px) 100vw, 2560px\" \/><div class=\"wp-block-cover__inner-container is-layout-flow wp-block-cover-is-layout-flow\">\n<p class=\"has-text-align-center has-white-color has-text-color has-huge-font-size\"><strong>Elevadores. Dos, cuatro columnas<\/strong> <strong>y de superficie<\/strong><\/p>\n\n\n\n<p class=\"has-text-align-center has-white-color has-text-color\">Disponemos de diferentes elevadores para distintos tipos de reparaciones, imprescindibles para el desarrollo de algunas tareas.<\/p>\n<\/div><\/div>\n\n\n\n<p><\/p>\n\n\n\n<p><\/p>\n\n\n\n<p><\/p>\n\n\n\n<p><\/p>\n\n\n\n<div class=\"wp-block-cover alignfull has-custom-content-position is-position-center-left\" style=\"min-height:626px;aspect-ratio:unset;\"><span aria-hidden=\"true\" class=\"wp-block-cover__gradient-background has-background-dim\"><\/span><img loading=\"lazy\" decoding=\"async\" width=\"2560\" height=\"1920\" class=\"wp-block-cover__image-background wp-image-609\" alt=\"\" src=\"https:\/\/motorkrash.es\/wp-content\/uploads\/2022\/02\/YDXJ2870-scaled.jpg\" data-object-fit=\"cover\" srcset=\"https:\/\/www.motorkrash.es\/wp-content\/uploads\/2022\/02\/YDXJ2870-scaled.jpg 2560w, https:\/\/www.motorkrash.es\/wp-content\/uploads\/2022\/02\/YDXJ2870-300x225.jpg 300w, https:\/\/www.motorkrash.es\/wp-content\/uploads\/2022\/02\/YDXJ2870-1024x768.jpg 1024w, https:\/\/www.motorkrash.es\/wp-content\/uploads\/2022\/02\/YDXJ2870-768x576.jpg 768w, https:\/\/www.motorkrash.es\/wp-content\/uploads\/2022\/02\/YDXJ2870-1536x1152.jpg 1536w, https:\/\/www.motorkrash.es\/wp-content\/uploads\/2022\/02\/YDXJ2870-2048x1536.jpg 2048w\" sizes=\"auto, (max-width: 2560px) 100vw, 2560px\" \/><div class=\"wp-block-cover__inner-container is-layout-flow wp-block-cover-is-layout-flow\">\n<p class=\"has-text-align-center has-huge-font-size\"><strong>Bancada<\/strong><\/p>\n\n\n\n<p class=\"has-text-align-center\">Da\u00f1os estructurales y modificaci\u00f3n de todas las geometr\u00edas del chasis y sus cotas.<\/p>\n\n\n\n<p class=\"has-text-align-center has-huge-font-size\"><strong>Suspensi\u00f3n y neum\u00e1ticos<\/strong><\/p>\n\n\n\n<p class=\"has-text-align-center\">Modificamos tu agarre al asfalto, mejoramos tu conducci\u00f3n.<\/p>\n<\/div><\/div>\n\n\n\n<p><\/p>\n\n\n\n<p><\/p>\n\n\n\n<p><\/p>\n\n\n\n<p><\/p>\n\n\n\n<div class=\"wp-block-cover alignfull is-light\" style=\"min-height:810px;aspect-ratio:unset;\"><span aria-hidden=\"true\" class=\"wp-block-cover__gradient-background has-background-dim\"><\/span><img loading=\"lazy\" decoding=\"async\" width=\"2560\" height=\"1707\" class=\"wp-block-cover__image-background wp-image-610\" alt=\"\" src=\"https:\/\/motorkrash.es\/wp-content\/uploads\/2022\/02\/MG_2505-scaled.jpg\" data-object-fit=\"cover\" srcset=\"https:\/\/www.motorkrash.es\/wp-content\/uploads\/2022\/02\/MG_2505-scaled.jpg 2560w, https:\/\/www.motorkrash.es\/wp-content\/uploads\/2022\/02\/MG_2505-300x200.jpg 300w, https:\/\/www.motorkrash.es\/wp-content\/uploads\/2022\/02\/MG_2505-1024x683.jpg 1024w, https:\/\/www.motorkrash.es\/wp-content\/uploads\/2022\/02\/MG_2505-768x512.jpg 768w, https:\/\/www.motorkrash.es\/wp-content\/uploads\/2022\/02\/MG_2505-1536x1024.jpg 1536w, https:\/\/www.motorkrash.es\/wp-content\/uploads\/2022\/02\/MG_2505-2048x1365.jpg 2048w, https:\/\/www.motorkrash.es\/wp-content\/uploads\/2022\/02\/MG_2505-272x182.jpg 272w\" sizes=\"auto, (max-width: 2560px) 100vw, 2560px\" \/><div class=\"wp-block-cover__inner-container is-layout-flow wp-block-cover-is-layout-flow\">\n<p class=\"has-text-align-center has-white-color has-text-color has-huge-font-size\"><strong>Quir\u00f3fano totalmente equipado<\/strong><\/p>\n\n\n\n<p class=\"has-text-align-center has-white-color has-text-color\">Tenemos el poder sobrehumano de resucitar cualquier tipo de veh\u00edculo cl\u00e1sico.<\/p>\n\n\n\n<hr class=\"wp-block-separator alignfull\"\/>\n\n\n\n<p class=\"has-text-align-center has-white-color has-text-color has-huge-font-size\"><strong>Las bestias volver\u00e1n a surgir<\/strong><\/p>\n\n\n\n<p class=\"has-text-align-center has-white-color has-text-color\">Sustituci\u00f3n y reparaci\u00f3n de todo tipo de carrocer\u00edas, motor, chasis, ejes e interior.<\/p>\n<\/div><\/div>\n\n\n\n<p><\/p>\n\n\n\n<div class=\"wp-block-image\"><figure class=\"aligncenter size-large is-resized\"><img loading=\"lazy\" decoding=\"async\" src=\"https:\/\/motorkrash.es\/wp-content\/uploads\/2022\/02\/logocaliduti-1024x595.png\" alt=\"\" class=\"wp-image-584\" width=\"310\" height=\"179\" srcset=\"https:\/\/www.motorkrash.es\/wp-content\/uploads\/2022\/02\/logocaliduti-1024x595.png 1024w, https:\/\/www.motorkrash.es\/wp-content\/uploads\/2022\/02\/logocaliduti-300x174.png 300w, https:\/\/www.motorkrash.es\/wp-content\/uploads\/2022\/02\/logocaliduti-768x446.png 768w, https:\/\/www.motorkrash.es\/wp-content\/uploads\/2022\/02\/logocaliduti-1536x893.png 1536w, https:\/\/www.motorkrash.es\/wp-content\/uploads\/2022\/02\/logocaliduti-2048x1190.png 2048w\" sizes=\"auto, (max-width: 310px) 100vw, 310px\" \/><\/figure><\/div>\n","protected":false},"excerpt":{"rendered":"<p>Las mejores Instalaciones para cumplir tus deseos. Equipados con los mejores sistemas y herramientas para la reconstrucci\u00f3n de carrocer\u00edas y sustituci\u00f3n de piezas irreparables, no solo se repara \u00edntegramente tu carrocer\u00eda, tambi\u00e9n te orienta y redise\u00f1a la est\u00e9tica de tu veh\u00edculo para darle una nueva &hellip; <a href=\"https:\/\/www.motorkrash.es\/?page_id=31\" class=\"more-link\"><span>Seguir leyendo<span class=\"screen-reader-text\">2.- Instalaciones<\/span><\/span><\/a><\/p>\n","protected":false},"author":1,"featured_media":0,"parent":0,"menu_order":0,"comment_status":"closed","ping_status":"closed","template":"","meta":{"footnotes":""},"class_list":["post-31","page","type-page","status-publish","hentry"],"_links":{"self":[{"href":"https:\/\/www.motorkrash.es\/index.php?rest_route=\/wp\/v2\/pages\/31","targetHints":{"allow":["GET"]}}],"collection":[{"href":"https:\/\/www.motorkrash.es\/index.php?rest_route=\/wp\/v2\/pages"}],"about":[{"href":"https:\/\/www.motorkrash.es\/index.php?rest_route=\/wp\/v2\/types\/page"}],"author":[{"embeddable":true,"href":"https:\/\/www.motorkrash.es\/index.php?rest_route=\/wp\/v2\/users\/1"}],"replies":[{"embeddable":true,"href":"https:\/\/www.motorkrash.es\/index.php?rest_route=%2Fwp%2Fv2%2Fcomments&post=31"}],"version-history":[{"count":14,"href":"https:\/\/www.motorkrash.es\/index.php?rest_route=\/wp\/v2\/pages\/31\/revisions"}],"predecessor-version":[{"id":614,"href":"https:\/\/www.motorkrash.es\/index.php?rest_route=\/wp\/v2\/pages\/31\/revisions\/614"}],"wp:attachment":[{"href":"https:\/\/www.motorkrash.es\/index.php?rest_route=%2Fwp%2Fv2%2Fmedia&parent=31"}],"curies":[{"name":"wp","href":"https:\/\/api.w.org\/{rel}","templated":true}]}}