{"id":4,"date":"2022-02-17T09:58:27","date_gmt":"2022-02-17T09:58:27","guid":{"rendered":"https:\/\/motorkrash.es\/?page_id=4"},"modified":"2025-11-25T00:42:49","modified_gmt":"2025-11-25T00:42:49","slug":"bienvenido-a-https-motorkrash-es","status":"publish","type":"page","link":"https:\/\/www.motorkrash.es\/","title":{"rendered":"1.- Quienes Somos?"},"content":{"rendered":"\n<p>En una de las ciudades con mas historia del mundo, y, en una ubicaci\u00f3n exclusiva, se encuentra Motorkrash, uno de los mejores talleres de restauraci\u00f3n de todo tipo de veh\u00edculos, cl\u00e1sicos y no tan cl\u00e1sicos. Nuestra experiencia nos avala!.<\/p>\n\n\n\n<p>Todo ello gracias a nuestro equipo, formado por personas \u00fanicas, profesionales exclusivos de cada una de las materias que precise tu veh\u00edculo, disfrutando en cada uno de los pasos caracter\u00edsticos y exclusivos que hacen de este trabajo una experiencia \u00fanica con cada veh\u00edculo.<\/p>\n\n\n\n<hr class=\"wp-block-separator alignwide has-css-opacity is-style-wide\"\/>\n\n\n\n<p>Nos dedicamos a la restauraci\u00f3n de todo tipo de veh\u00edculos.<\/p>\n\n\n\n<p>Date una vuelta por nuestra web y contacta con nosotros para cualquier consulta, puedes hacerlo a trav\u00e9s de alguno de estos medios, el que prefieras, aunque te recomendamos que no hay nada como una llamada telef\u00f3nica o un correo electr\u00f3nico :D.<\/p>\n\n\n\n<hr class=\"wp-block-separator has-css-opacity alignwide is-style-wide\"\/>\n\n\n\n<div class=\"wp-block-group\"><div class=\"wp-block-group__inner-container is-layout-constrained wp-block-group-is-layout-constrained\">\n<figure class=\"wp-block-image alignleft size-full is-resized\" data-wp-editing=\"1\"><a href=\"https:\/\/api.whatsapp.com\/send?phone=34691633325\"><img loading=\"lazy\" decoding=\"async\" class=\"aligncenter wp-image-2033\" style=\"width: 184px; height: 184px;\" src=\"https:\/\/www.motorkrash.es\/wp-content\/uploads\/2025\/11\/vecteezy_whatsapp-logo-whatsapp-icon-logo-vector-free-vector_19490742-300x300.jpg\" alt=\"\" width=\"300\" height=\"300\" srcset=\"https:\/\/www.motorkrash.es\/wp-content\/uploads\/2025\/11\/vecteezy_whatsapp-logo-whatsapp-icon-logo-vector-free-vector_19490742-300x300.jpg 300w, https:\/\/www.motorkrash.es\/wp-content\/uploads\/2025\/11\/vecteezy_whatsapp-logo-whatsapp-icon-logo-vector-free-vector_19490742-1024x1024.jpg 1024w, https:\/\/www.motorkrash.es\/wp-content\/uploads\/2025\/11\/vecteezy_whatsapp-logo-whatsapp-icon-logo-vector-free-vector_19490742-150x150.jpg 150w, https:\/\/www.motorkrash.es\/wp-content\/uploads\/2025\/11\/vecteezy_whatsapp-logo-whatsapp-icon-logo-vector-free-vector_19490742-768x768.jpg 768w, https:\/\/www.motorkrash.es\/wp-content\/uploads\/2025\/11\/vecteezy_whatsapp-logo-whatsapp-icon-logo-vector-free-vector_19490742-1536x1536.jpg 1536w, https:\/\/www.motorkrash.es\/wp-content\/uploads\/2025\/11\/vecteezy_whatsapp-logo-whatsapp-icon-logo-vector-free-vector_19490742-640x640.jpg 640w, https:\/\/www.motorkrash.es\/wp-content\/uploads\/2025\/11\/vecteezy_whatsapp-logo-whatsapp-icon-logo-vector-free-vector_19490742-533x533.jpg 533w, https:\/\/www.motorkrash.es\/wp-content\/uploads\/2025\/11\/vecteezy_whatsapp-logo-whatsapp-icon-logo-vector-free-vector_19490742-864x864.jpg 864w, https:\/\/www.motorkrash.es\/wp-content\/uploads\/2025\/11\/vecteezy_whatsapp-logo-whatsapp-icon-logo-vector-free-vector_19490742-50x50.jpg 50w, https:\/\/www.motorkrash.es\/wp-content\/uploads\/2025\/11\/vecteezy_whatsapp-logo-whatsapp-icon-logo-vector-free-vector_19490742.jpg 1920w\" sizes=\"auto, (max-width: 300px) 100vw, 300px\" \/><\/a>\n<figcaption class=\"wp-element-caption\"><strong><em>Escr\u00edbenos<\/em><\/strong><\/figcaption>\n<\/figure>\n<figure class=\"wp-block-image alignright size-full is-resized\"><a href=\"https:\/\/www.google.com\/maps\/place\/Motorkrash.+Restauraci%C3%B3n+de+Veh%C3%ADculos+%26+Chapa+y+pintura\/@39.8796034,-3.9452372,17z\/data=!3m1!4b1!4m6!3m5!1s0xd6a0853ea28623d:0xc8b56ee6c01fe412!8m2!3d39.8796034!4d-3.9426569!16s%2Fg%2F11byttrqmk?entry=ttu&amp;g_ep=EgoyMDI1MTExNy4wIKXMDSoASAFQAw%3D%3D\"><img loading=\"lazy\" decoding=\"async\" class=\"aligncenter wp-image-2034\" style=\"width: 162px; height: 162px;\" src=\"https:\/\/www.motorkrash.es\/wp-content\/uploads\/2025\/11\/map_293825-300x300.png\" alt=\"\" width=\"300\" height=\"300\" srcset=\"https:\/\/www.motorkrash.es\/wp-content\/uploads\/2025\/11\/map_293825-300x300.png 300w, https:\/\/www.motorkrash.es\/wp-content\/uploads\/2025\/11\/map_293825-150x150.png 150w, https:\/\/www.motorkrash.es\/wp-content\/uploads\/2025\/11\/map_293825-50x50.png 50w, https:\/\/www.motorkrash.es\/wp-content\/uploads\/2025\/11\/map_293825.png 512w\" sizes=\"auto, (max-width: 300px) 100vw, 300px\" \/><\/a>\n<figcaption class=\"wp-element-caption\"><strong><em>Vis\u00edtanos<\/em><\/strong><\/figcaption>\n<\/figure>\n<\/div><\/div>\n\n\n\n<p><\/p>\n","protected":false},"excerpt":{"rendered":"<p>En una de las ciudades con mas historia del mundo, y, en una ubicaci\u00f3n exclusiva, se encuentra Motorkrash, uno de los mejores talleres de restauraci\u00f3n de todo tipo de veh\u00edculos, cl\u00e1sicos y no tan cl\u00e1sicos. Nuestra experiencia nos avala!. Todo ello gracias a nuestro equipo, &hellip; <a href=\"https:\/\/www.motorkrash.es\/\" class=\"more-link\"><span>Seguir leyendo<span class=\"screen-reader-text\">1.- Quienes Somos?<\/span><\/span><\/a><\/p>\n","protected":false},"author":1,"featured_media":0,"parent":0,"menu_order":0,"comment_status":"closed","ping_status":"closed","template":"","meta":{"footnotes":""},"class_list":["post-4","page","type-page","status-publish","hentry"],"_links":{"self":[{"href":"https:\/\/www.motorkrash.es\/index.php?rest_route=\/wp\/v2\/pages\/4","targetHints":{"allow":["GET"]}}],"collection":[{"href":"https:\/\/www.motorkrash.es\/index.php?rest_route=\/wp\/v2\/pages"}],"about":[{"href":"https:\/\/www.motorkrash.es\/index.php?rest_route=\/wp\/v2\/types\/page"}],"author":[{"embeddable":true,"href":"https:\/\/www.motorkrash.es\/index.php?rest_route=\/wp\/v2\/users\/1"}],"replies":[{"embeddable":true,"href":"https:\/\/www.motorkrash.es\/index.php?rest_route=%2Fwp%2Fv2%2Fcomments&post=4"}],"version-history":[{"count":24,"href":"https:\/\/www.motorkrash.es\/index.php?rest_route=\/wp\/v2\/pages\/4\/revisions"}],"predecessor-version":[{"id":2046,"href":"https:\/\/www.motorkrash.es\/index.php?rest_route=\/wp\/v2\/pages\/4\/revisions\/2046"}],"wp:attachment":[{"href":"https:\/\/www.motorkrash.es\/index.php?rest_route=%2Fwp%2Fv2%2Fmedia&parent=4"}],"curies":[{"name":"wp","href":"https:\/\/api.w.org\/{rel}","templated":true}]}}